{"id":4100,"date":"2025-02-21T14:51:03","date_gmt":"2025-02-21T12:51:03","guid":{"rendered":"https:\/\/www.sipex.ro\/?page_id=4100"},"modified":"2025-02-21T14:57:59","modified_gmt":"2025-02-21T12:57:59","slug":"contact-ir","status":"publish","type":"page","link":"https:\/\/www.sipex.ro\/en\/contact-ir\/","title":{"rendered":"Contact  IR"},"content":{"rendered":"<div data-elementor-type=\"wp-page\" data-elementor-id=\"4100\" class=\"elementor elementor-4100\">\n<section class=\"elementor-section elementor-top-section elementor-element elementor-element-c0198a3 elementor-section-boxed elementor-section-height-default elementor-section-height-default\" data-id=\"c0198a3\" data-element_type=\"section\">\n<div class=\"elementor-container elementor-column-gap-default\">\n<div class=\"elementor-column elementor-col-100 elementor-top-column elementor-element elementor-element-fe481d7\" data-id=\"fe481d7\" data-element_type=\"column\">\n<div class=\"elementor-widget-wrap elementor-element-populated\">\n<div class=\"elementor-element elementor-element-4442dea elementor-align-left elementor-widget elementor-widget-button\" data-id=\"4442dea\" data-element_type=\"widget\" data-widget_type=\"button.default\">\n<div class=\"elementor-widget-container\">\n<div class=\"elementor-button-wrapper\">\n\t\t\t<a class=\"elementor-button elementor-button-link elementor-size-xs\" href=\"https:\/\/www.sipex.ro\/en\/investitori\/\"><br \/>\n\t\t\t\t\t\t<span class=\"elementor-button-content-wrapper\"><br \/>\n\t\t\t\t\t\t<span class=\"elementor-button-text\">Back to Investors<\/span><br \/>\n\t\t<\/span><br \/>\n\t\t\t\t\t<\/a>\n\t\t<\/div>\n<\/p><\/div>\n<\/p><\/div>\n<\/p><\/div>\n<\/p><\/div>\n<\/p><\/div>\n<\/section>\n<section class=\"elementor-section elementor-top-section elementor-element elementor-element-35b35b8 elementor-section-boxed elementor-section-height-default elementor-section-height-default\" data-id=\"35b35b8\" data-element_type=\"section\">\n<div class=\"elementor-container elementor-column-gap-default\">\n<div class=\"elementor-column elementor-col-50 elementor-top-column elementor-element elementor-element-6d7fcbd\" data-id=\"6d7fcbd\" data-element_type=\"column\">\n<div class=\"elementor-widget-wrap elementor-element-populated\">\n<div class=\"elementor-element elementor-element-5dfb080 elementor-widget elementor-widget-text-editor\" data-id=\"5dfb080\" data-element_type=\"widget\" data-widget_type=\"text-editor.default\">\n<div class=\"elementor-widget-container\">\n<style>\/*! elementor - v3.15.0 - 09-08-2023 *\/\n.elementor-widget-text-editor.elementor-drop-cap-view-stacked .elementor-drop-cap{background-color:#69727d;color:#fff}.elementor-widget-text-editor.elementor-drop-cap-view-framed .elementor-drop-cap{color:#69727d;border:3px solid;background-color:transparent}.elementor-widget-text-editor:not(.elementor-drop-cap-view-default) .elementor-drop-cap{margin-top:8px}.elementor-widget-text-editor:not(.elementor-drop-cap-view-default) .elementor-drop-cap-letter{width:1em;height:1em}.elementor-widget-text-editor .elementor-drop-cap{float:left;text-align:center;line-height:1;font-size:50px}.elementor-widget-text-editor .elementor-drop-cap-letter{display:inline-block}<\/style>\n<h4>For any questions related to Sipex Company's business, our capital market plans, as well as investor relations, please contact the investor relations team at:<\/h4>\n<h2><span style=\"color: #ff0000;\">Telefon : +40 244 434 039&nbsp;<\/span><\/h2>\n<h2><span style=\"color: #ff0000;\">E-mail: investitori@sipex.ro&nbsp;<\/span><\/h2>\n<h2><span style=\"color: #ff0000;\">Website: <span style=\"color: #333399;\"><a style=\"color: #333399;\" href=\"https:\/\/www.sipex.ro\/en\/investitori\/\" target=\"_blank\" rel=\"noopener\">https:\/\/www.sipex.ro\/investitori<\/a><\/span><\/span><\/h2>\n<h4><span style=\"color: #000000;\">For updated information on the Sipex share price, we invite you to visit our profile on the website <span style=\"color: #0000ff;\"><a style=\"color: #0000ff;\" href=\"https:\/\/www.bvb.ro\/FinancialInstruments\/Details\/FinancialInstrumentsDetails.aspx?s=SPX\" target=\"_blank\" rel=\"noopener\">Bucharest Stock Exchange.<\/a><\/span><\/span><\/h4>\n<\/p><\/div>\n<\/p><\/div>\n<\/p><\/div>\n<\/p><\/div>\n<div class=\"elementor-column elementor-col-50 elementor-top-column elementor-element elementor-element-015f706\" data-id=\"015f706\" data-element_type=\"column\">\n<div class=\"elementor-widget-wrap elementor-element-populated\">\n<div class=\"elementor-element elementor-element-d28aa91 elementor-widget elementor-widget-image\" data-id=\"d28aa91\" data-element_type=\"widget\" data-widget_type=\"image.default\">\n<div class=\"elementor-widget-container\">\n<style>\/*! elementor - v3.15.0 - 09-08-2023 *\/\n.elementor-widget-image{text-align:center}.elementor-widget-image a{display:inline-block}.elementor-widget-image a img[src$=\".svg\"]{width:48px}.elementor-widget-image img{vertical-align:middle;display:inline-block}<\/style>\n<p>\t\t\t\t\t\t\t\t\t\t\t\t<img decoding=\"async\" width=\"474\" height=\"342\" src=\"https:\/\/i0.wp.com\/www.sipex.ro\/wp-content\/uploads\/2022\/03\/contact-ir-sipex.jpg?resize=474%2C342&amp;ssl=1\" class=\"attachment-gallery size-gallery wp-image-1485\" alt=\"\" loading=\"lazy\" srcset=\"https:\/\/i0.wp.com\/www.sipex.ro\/wp-content\/uploads\/2022\/03\/contact-ir-sipex.jpg?resize=474%2C342&amp;ssl=1 474w, https:\/\/i0.wp.com\/www.sipex.ro\/wp-content\/uploads\/2022\/03\/contact-ir-sipex.jpg?zoom=2&amp;resize=474%2C342&amp;ssl=1 948w\" sizes=\"(max-width: 474px) 100vw, 474px\" \/>\t\t\t\t\t\t\t\t\t\t\t\t\t\t\t<\/div>\n<\/p><\/div>\n<\/p><\/div>\n<\/p><\/div>\n<\/p><\/div>\n<\/section>\n<section class=\"elementor-section elementor-top-section elementor-element elementor-element-c509347 elementor-section-boxed elementor-section-height-default elementor-section-height-default\" data-id=\"c509347\" data-element_type=\"section\">\n<div class=\"elementor-container elementor-column-gap-default\">\n<div class=\"elementor-column elementor-col-100 elementor-top-column elementor-element elementor-element-f9976f0\" data-id=\"f9976f0\" data-element_type=\"column\">\n<div class=\"elementor-widget-wrap elementor-element-populated\">\n<div class=\"elementor-element elementor-element-e2de516 elementor-align-left elementor-widget elementor-widget-button\" data-id=\"e2de516\" data-element_type=\"widget\" data-widget_type=\"button.default\">\n<div class=\"elementor-widget-container\">\n<div class=\"elementor-button-wrapper\">\n\t\t\t<a class=\"elementor-button elementor-button-link elementor-size-xs\" href=\"https:\/\/www.sipex.ro\/en\/investitori\/\"><br \/>\n\t\t\t\t\t\t<span class=\"elementor-button-content-wrapper\"><br \/>\n\t\t\t\t\t\t<span class=\"elementor-button-text\">Back to Investors<\/span><br \/>\n\t\t<\/span><br \/>\n\t\t\t\t\t<\/a>\n\t\t<\/div>\n<\/p><\/div>\n<\/p><\/div>\n<\/p><\/div>\n<\/p><\/div>\n<\/p><\/div>\n<\/section><\/div>","protected":false},"excerpt":{"rendered":"Inapoi la Investiori Pentru orice \u00eentreb\u0103ri legate de activitatea Sipex Company, planurile noastre de pia\u021ba de capital, precum \u0219i rela\u021bia cu investitorii, v\u0103 rug\u0103m s\u0103 contacta\u021bi echipa de rela\u021bii cu investitorii la: Telefon : +40 244 434 039&nbsp; E-mail: investitori@sipex.ro&nbsp; Website: https:\/\/www.sipex.ro\/investitori Pentru informa\u021bii actualizate despre pre\u021bul ac\u021biunilor Sipex, v\u0103&hellip;","protected":false},"author":2,"featured_media":0,"parent":0,"menu_order":0,"comment_status":"closed","ping_status":"closed","template":"","meta":{"jetpack_post_was_ever_published":false},"yoast_head":"<!-- This site is optimized with the Yoast SEO plugin v20.4 - https:\/\/yoast.com\/wordpress\/plugins\/seo\/ -->\n<title>Contact IR - Sipex<\/title>\n<meta name=\"robots\" content=\"index, follow, max-snippet:-1, max-image-preview:large, max-video-preview:-1\" \/>\n<link rel=\"canonical\" href=\"https:\/\/www.sipex.ro\/en\/contact-ir\/\" \/>\n<meta property=\"og:locale\" content=\"en_US\" \/>\n<meta property=\"og:type\" content=\"article\" \/>\n<meta property=\"og:title\" content=\"Contact IR - Sipex\" \/>\n<meta property=\"og:description\" content=\"Inapoi la Investiori Pentru orice \u00eentreb\u0103ri legate de activitatea Sipex Company, planurile noastre de pia\u021ba de capital, precum \u0219i rela\u021bia cu investitorii, v\u0103 rug\u0103m s\u0103 contacta\u021bi echipa de rela\u021bii cu investitorii la: Telefon : +40 244 434 039&nbsp; E-mail: investitori@sipex.ro&nbsp; Website: https:\/\/www.sipex.ro\/investitori Pentru informa\u021bii actualizate despre pre\u021bul ac\u021biunilor Sipex, v\u0103&hellip;\" \/>\n<meta property=\"og:url\" content=\"https:\/\/www.sipex.ro\/en\/contact-ir\/\" \/>\n<meta property=\"og:site_name\" content=\"Sipex\" \/>\n<meta property=\"article:modified_time\" content=\"2025-02-21T12:57:59+00:00\" \/>\n<meta property=\"og:image\" content=\"https:\/\/www.sipex.ro\/wp-content\/uploads\/2022\/03\/contact-ir-sipex-474x342.jpg\" \/>\n<meta name=\"twitter:card\" content=\"summary_large_image\" \/>\n<meta name=\"twitter:label1\" content=\"Est. reading time\" \/>\n\t<meta name=\"twitter:data1\" content=\"1 minute\" \/>\n<script type=\"application\/ld+json\" class=\"yoast-schema-graph\">{\"@context\":\"https:\/\/schema.org\",\"@graph\":[{\"@type\":\"WebPage\",\"@id\":\"https:\/\/www.sipex.ro\/contact-ir\/\",\"url\":\"https:\/\/www.sipex.ro\/contact-ir\/\",\"name\":\"Contact IR - Sipex\",\"isPartOf\":{\"@id\":\"https:\/\/www.sipex.ro\/#website\"},\"datePublished\":\"2025-02-21T12:51:03+00:00\",\"dateModified\":\"2025-02-21T12:57:59+00:00\",\"breadcrumb\":{\"@id\":\"https:\/\/www.sipex.ro\/contact-ir\/#breadcrumb\"},\"inLanguage\":\"en-US\",\"potentialAction\":[{\"@type\":\"ReadAction\",\"target\":[\"https:\/\/www.sipex.ro\/contact-ir\/\"]}]},{\"@type\":\"BreadcrumbList\",\"@id\":\"https:\/\/www.sipex.ro\/contact-ir\/#breadcrumb\",\"itemListElement\":[{\"@type\":\"ListItem\",\"position\":1,\"name\":\"Home\",\"item\":\"https:\/\/www.sipex.ro\/\"},{\"@type\":\"ListItem\",\"position\":2,\"name\":\"Contact IR\"}]},{\"@type\":\"WebSite\",\"@id\":\"https:\/\/www.sipex.ro\/#website\",\"url\":\"https:\/\/www.sipex.ro\/\",\"name\":\"Sipex\",\"description\":\"Solutii in constructii\",\"publisher\":{\"@id\":\"https:\/\/www.sipex.ro\/#organization\"},\"potentialAction\":[{\"@type\":\"SearchAction\",\"target\":{\"@type\":\"EntryPoint\",\"urlTemplate\":\"https:\/\/www.sipex.ro\/?s={search_term_string}\"},\"query-input\":\"required name=search_term_string\"}],\"inLanguage\":\"en-US\"},{\"@type\":\"Organization\",\"@id\":\"https:\/\/www.sipex.ro\/#organization\",\"name\":\"Sipex Company\",\"url\":\"https:\/\/www.sipex.ro\/\",\"logo\":{\"@type\":\"ImageObject\",\"inLanguage\":\"en-US\",\"@id\":\"https:\/\/www.sipex.ro\/#\/schema\/logo\/image\/\",\"url\":\"https:\/\/www.sipex.ro\/wp-content\/uploads\/2022\/03\/sigla-vector-aniversara.jpg\",\"contentUrl\":\"https:\/\/www.sipex.ro\/wp-content\/uploads\/2022\/03\/sigla-vector-aniversara.jpg\",\"width\":2000,\"height\":450,\"caption\":\"Sipex Company\"},\"image\":{\"@id\":\"https:\/\/www.sipex.ro\/#\/schema\/logo\/image\/\"}}]}<\/script>\n<!-- \/ Yoast SEO plugin. -->","yoast_head_json":{"title":"Contact IR - Sipex","robots":{"index":"index","follow":"follow","max-snippet":"max-snippet:-1","max-image-preview":"max-image-preview:large","max-video-preview":"max-video-preview:-1"},"canonical":"https:\/\/www.sipex.ro\/en\/contact-ir\/","og_locale":"en_US","og_type":"article","og_title":"Contact IR - Sipex","og_description":"Inapoi la Investiori Pentru orice \u00eentreb\u0103ri legate de activitatea Sipex Company, planurile noastre de pia\u021ba de capital, precum \u0219i rela\u021bia cu investitorii, v\u0103 rug\u0103m s\u0103 contacta\u021bi echipa de rela\u021bii cu investitorii la: Telefon : +40 244 434 039&nbsp; E-mail: investitori@sipex.ro&nbsp; Website: https:\/\/www.sipex.ro\/investitori Pentru informa\u021bii actualizate despre pre\u021bul ac\u021biunilor Sipex, v\u0103&hellip;","og_url":"https:\/\/www.sipex.ro\/en\/contact-ir\/","og_site_name":"Sipex","article_modified_time":"2025-02-21T12:57:59+00:00","og_image":[{"url":"https:\/\/www.sipex.ro\/wp-content\/uploads\/2022\/03\/contact-ir-sipex-474x342.jpg"}],"twitter_card":"summary_large_image","twitter_misc":{"Est. reading time":"1 minute"},"schema":{"@context":"https:\/\/schema.org","@graph":[{"@type":"WebPage","@id":"https:\/\/www.sipex.ro\/contact-ir\/","url":"https:\/\/www.sipex.ro\/contact-ir\/","name":"Contact IR - Sipex","isPartOf":{"@id":"https:\/\/www.sipex.ro\/#website"},"datePublished":"2025-02-21T12:51:03+00:00","dateModified":"2025-02-21T12:57:59+00:00","breadcrumb":{"@id":"https:\/\/www.sipex.ro\/contact-ir\/#breadcrumb"},"inLanguage":"en-US","potentialAction":[{"@type":"ReadAction","target":["https:\/\/www.sipex.ro\/contact-ir\/"]}]},{"@type":"BreadcrumbList","@id":"https:\/\/www.sipex.ro\/contact-ir\/#breadcrumb","itemListElement":[{"@type":"ListItem","position":1,"name":"Home","item":"https:\/\/www.sipex.ro\/"},{"@type":"ListItem","position":2,"name":"Contact IR"}]},{"@type":"WebSite","@id":"https:\/\/www.sipex.ro\/#website","url":"https:\/\/www.sipex.ro\/","name":"Sipex","description":"Solutii in constructii","publisher":{"@id":"https:\/\/www.sipex.ro\/#organization"},"potentialAction":[{"@type":"SearchAction","target":{"@type":"EntryPoint","urlTemplate":"https:\/\/www.sipex.ro\/?s={search_term_string}"},"query-input":"required name=search_term_string"}],"inLanguage":"en-US"},{"@type":"Organization","@id":"https:\/\/www.sipex.ro\/#organization","name":"Sipex Company","url":"https:\/\/www.sipex.ro\/","logo":{"@type":"ImageObject","inLanguage":"en-US","@id":"https:\/\/www.sipex.ro\/#\/schema\/logo\/image\/","url":"https:\/\/www.sipex.ro\/wp-content\/uploads\/2022\/03\/sigla-vector-aniversara.jpg","contentUrl":"https:\/\/www.sipex.ro\/wp-content\/uploads\/2022\/03\/sigla-vector-aniversara.jpg","width":2000,"height":450,"caption":"Sipex Company"},"image":{"@id":"https:\/\/www.sipex.ro\/#\/schema\/logo\/image\/"}}]}},"jetpack_sharing_enabled":true,"jetpack_shortlink":"https:\/\/wp.me\/P85yoz-148","jetpack_likes_enabled":true,"_links":{"self":[{"href":"https:\/\/www.sipex.ro\/en\/wp-json\/wp\/v2\/pages\/4100"}],"collection":[{"href":"https:\/\/www.sipex.ro\/en\/wp-json\/wp\/v2\/pages"}],"about":[{"href":"https:\/\/www.sipex.ro\/en\/wp-json\/wp\/v2\/types\/page"}],"author":[{"embeddable":true,"href":"https:\/\/www.sipex.ro\/en\/wp-json\/wp\/v2\/users\/2"}],"replies":[{"embeddable":true,"href":"https:\/\/www.sipex.ro\/en\/wp-json\/wp\/v2\/comments?post=4100"}],"version-history":[{"count":8,"href":"https:\/\/www.sipex.ro\/en\/wp-json\/wp\/v2\/pages\/4100\/revisions"}],"predecessor-version":[{"id":4112,"href":"https:\/\/www.sipex.ro\/en\/wp-json\/wp\/v2\/pages\/4100\/revisions\/4112"}],"wp:attachment":[{"href":"https:\/\/www.sipex.ro\/en\/wp-json\/wp\/v2\/media?parent=4100"}],"curies":[{"name":"wp","href":"https:\/\/api.w.org\/{rel}","templated":true}]}}